{"id":26,"date":"2023-03-23T21:17:44","date_gmt":"2023-03-23T20:17:44","guid":{"rendered":"http:\/\/lamaisn.cluster029.hosting.ovh.net\/?page_id=26"},"modified":"2025-11-28T15:21:38","modified_gmt":"2025-11-28T14:21:38","slug":"accueil","status":"publish","type":"page","link":"https:\/\/lamaisondurondfromage.be\/","title":{"rendered":"Accueil"},"content":{"rendered":"\n<p><\/p>\n\n\n\n<h2 class=\"wp-block-heading has-text-align-center has-nv-site-bg-background-color has-background\">Accueil<\/h2>\n\n\n<div class=\"wp-block-image is-style-rounded\">\n<figure class=\"alignleft size-large is-resized\"><img loading=\"lazy\" decoding=\"async\" width=\"576\" height=\"1024\" src=\"https:\/\/lamaisondurondfromage.be\/wp-content\/uploads\/2025\/11\/IMG_20240806_101525-1-576x1024.jpg\" alt=\"\" class=\"wp-image-517\" style=\"width:280px;height:auto\" srcset=\"https:\/\/lamaisondurondfromage.be\/wp-content\/uploads\/2025\/11\/IMG_20240806_101525-1-576x1024.jpg 576w, https:\/\/lamaisondurondfromage.be\/wp-content\/uploads\/2025\/11\/IMG_20240806_101525-1-scaled-1000x1778.jpg 1000w, https:\/\/lamaisondurondfromage.be\/wp-content\/uploads\/2025\/11\/IMG_20240806_101525-1-169x300.jpg 169w, https:\/\/lamaisondurondfromage.be\/wp-content\/uploads\/2025\/11\/IMG_20240806_101525-1-768x1365.jpg 768w, https:\/\/lamaisondurondfromage.be\/wp-content\/uploads\/2025\/11\/IMG_20240806_101525-1-864x1536.jpg 864w, https:\/\/lamaisondurondfromage.be\/wp-content\/uploads\/2025\/11\/IMG_20240806_101525-1-1152x2048.jpg 1152w, https:\/\/lamaisondurondfromage.be\/wp-content\/uploads\/2025\/11\/IMG_20240806_101525-1-1320x2347.jpg 1320w, https:\/\/lamaisondurondfromage.be\/wp-content\/uploads\/2025\/11\/IMG_20240806_101525-1-scaled.jpg 1440w\" sizes=\"auto, (max-width: 576px) 100vw, 576px\" \/><\/figure>\n<\/div>\n\n\n<p class=\"has-text-align-center\">Chez <strong>\u00ab&nbsp;Mariette et ses Herbettes&nbsp;\u00bb<\/strong>, <\/p>\n\n\n\n<p class=\"has-text-align-center\">on cultive sur une surface de 30 ares des plantes aromatiques et m\u00e9dicinales.<\/p>\n\n\n\n<p class=\"has-text-align-center\">Avec ces plantes, sem\u00e9es, cultiv\u00e9es, r\u00e9colt\u00e9es et transform\u00e9es avec un maximum de soins, nous vous proposons:<\/p>\n\n\n<div class=\"wp-block-image is-style-rounded\">\n<figure class=\"alignright size-large is-resized\"><img loading=\"lazy\" decoding=\"async\" width=\"768\" height=\"1024\" src=\"https:\/\/lamaisondurondfromage.be\/wp-content\/uploads\/2025\/10\/20230522_143638-768x1024.jpg\" alt=\"\" class=\"wp-image-470\" style=\"width:224px;height:auto\" srcset=\"https:\/\/lamaisondurondfromage.be\/wp-content\/uploads\/2025\/10\/20230522_143638-768x1024.jpg 768w, https:\/\/lamaisondurondfromage.be\/wp-content\/uploads\/2025\/10\/20230522_143638-scaled-1000x1333.jpg 1000w, https:\/\/lamaisondurondfromage.be\/wp-content\/uploads\/2025\/10\/20230522_143638-225x300.jpg 225w, https:\/\/lamaisondurondfromage.be\/wp-content\/uploads\/2025\/10\/20230522_143638-1152x1536.jpg 1152w, https:\/\/lamaisondurondfromage.be\/wp-content\/uploads\/2025\/10\/20230522_143638-1536x2048.jpg 1536w, https:\/\/lamaisondurondfromage.be\/wp-content\/uploads\/2025\/10\/20230522_143638-1320x1760.jpg 1320w, https:\/\/lamaisondurondfromage.be\/wp-content\/uploads\/2025\/10\/20230522_143638-scaled.jpg 1920w\" sizes=\"auto, (max-width: 768px) 100vw, 768px\" \/><\/figure>\n<\/div>\n\n\n<ul class=\"wp-block-list\">\n<li><a href=\"https:\/\/lamaisondurondfromage.be\/index.php\/la-boutique\/page-daccueil\/\" data-type=\"page\" data-id=\"197\">des sirops de plantes<\/a><\/li>\n\n\n\n<li><a href=\"https:\/\/lamaisondurondfromage.be\/index.php\/la-boutique\/page-daccueil\/\" data-type=\"page\" data-id=\"197\">des tisanes<\/a><\/li>\n\n\n\n<li><a href=\"https:\/\/lamaisondurondfromage.be\/index.php\/la-boutique\/page-daccueil\/\" data-type=\"page\" data-id=\"197\">des vinaigres aromatis\u00e9s<\/a><\/li>\n\n\n\n<li><a href=\"https:\/\/lamaisondurondfromage.be\/index.php\/la-boutique\/page-daccueil\/\" data-type=\"page\" data-id=\"197\">des sels aromatis\u00e9s<\/a><\/li>\n\n\n\n<li><a href=\"https:\/\/lamaisondurondfromage.be\/index.php\/la-boutique\/page-daccueil\/\" data-type=\"page\" data-id=\"197\">d\u00e9s m\u00e9langes d&rsquo;aromates, de fleurs<\/a><\/li>\n<\/ul>\n\n\n\n<p><\/p>\n\n\n\n<p><\/p>\n\n\n\n<p class=\"has-text-align-center\">Sur notre terrain, en pleine \u00e9volution, vous trouverez des plantes annuelles, vivaces mises en place pour la r\u00e9colte. Mais aussi de l&rsquo;espace pour que la nature puisse s&rsquo;\u00e9tablir. Nous avons une \u00ab\u00a0mini\u00a0\u00bb for\u00eat, une mare, des haies de petits fruits, des haies d&rsquo;arbres, arbustes indig\u00e8nes pour que les plantes, les insectes, les petits animaux puissent trouver leur place.<\/p>\n\n\n<div class=\"wp-block-image is-style-rounded\">\n<figure class=\"alignright size-full is-resized\"><img loading=\"lazy\" decoding=\"async\" width=\"2560\" height=\"1707\" src=\"https:\/\/lamaisondurondfromage.be\/wp-content\/uploads\/2024\/11\/IMG_0375-scaled.jpg\" alt=\"\" class=\"wp-image-440\" style=\"aspect-ratio:1.3295454545454546;width:278px;height:auto\" srcset=\"https:\/\/lamaisondurondfromage.be\/wp-content\/uploads\/2024\/11\/IMG_0375-scaled.jpg 2560w, https:\/\/lamaisondurondfromage.be\/wp-content\/uploads\/2024\/11\/IMG_0375-scaled-1000x667.jpg 1000w, https:\/\/lamaisondurondfromage.be\/wp-content\/uploads\/2024\/11\/IMG_0375-300x200.jpg 300w, https:\/\/lamaisondurondfromage.be\/wp-content\/uploads\/2024\/11\/IMG_0375-1024x683.jpg 1024w, https:\/\/lamaisondurondfromage.be\/wp-content\/uploads\/2024\/11\/IMG_0375-768x512.jpg 768w, https:\/\/lamaisondurondfromage.be\/wp-content\/uploads\/2024\/11\/IMG_0375-1536x1024.jpg 1536w, https:\/\/lamaisondurondfromage.be\/wp-content\/uploads\/2024\/11\/IMG_0375-2048x1365.jpg 2048w, https:\/\/lamaisondurondfromage.be\/wp-content\/uploads\/2024\/11\/IMG_0375-930x620.jpg 930w, https:\/\/lamaisondurondfromage.be\/wp-content\/uploads\/2024\/11\/IMG_0375-1320x880.jpg 1320w\" sizes=\"auto, (max-width: 2560px) 100vw, 2560px\" \/><\/figure>\n<\/div>\n\n\n<figure class=\"wp-block-image size-full is-resized is-style-rounded\"><img loading=\"lazy\" decoding=\"async\" width=\"422\" height=\"280\" src=\"https:\/\/lamaisondurondfromage.be\/wp-content\/uploads\/2023\/03\/318016511_514393147400958_3944866458394480852_n.png\" alt=\"\" class=\"wp-image-300\" style=\"aspect-ratio:1.3387978142076502;width:289px;height:auto\" srcset=\"https:\/\/lamaisondurondfromage.be\/wp-content\/uploads\/2023\/03\/318016511_514393147400958_3944866458394480852_n.png 422w, https:\/\/lamaisondurondfromage.be\/wp-content\/uploads\/2023\/03\/318016511_514393147400958_3944866458394480852_n-300x199.png 300w\" sizes=\"auto, (max-width: 422px) 100vw, 422px\" \/><\/figure>\n\n\n\n<p>On cueille ce que la nature nous donne (ou nous autorise \u00e0 prendre&nbsp;!)<\/p>\n\n\n\n<p>On collabore avec un couple de mara\u00eechers.<\/p>\n\n\n\n<p>Tout \u00e7a nous donne des bons produits qui font du bien. Les plantes sont cultiv\u00e9es et transform\u00e9es dans les communes de Bertogne, Bastogne et Tenneville.<\/p>\n\n\n\n<p>Pour que vos repas, vos partages, vos soins soient bons et locaux&nbsp;!<\/p>\n\n\n\n<hr class=\"wp-block-separator has-alpha-channel-opacity\"\/>\n\n\n\n<h2 class=\"wp-block-heading has-text-align-center has-background has-large-font-size\" style=\"background-color:#cc895c;font-style:italic;font-weight:400\"><strong>Une question ? Un souhait? Un conseil?&#8230;<\/strong> <strong>Contactez-nous!<\/strong><\/h2>\n\n\n\n<p><\/p>\n\n\n\n<div class=\"wp-block-group has-background\" style=\"background-color:#ff8539\"><div class=\"wp-block-group__inner-container is-layout-constrained wp-block-group-is-layout-constrained\">\n<p class=\"has-text-align-center\"><strong>Adresse postale<\/strong>&nbsp;<strong>:<\/strong><\/p>\n\n\n\n<p class=\"has-text-align-center\">Rue du Rond Fromage, Champs, 35 &#8211; 6600 Bertogne<\/p>\n\n\n\n<p class=\"has-text-align-center\"><strong>Mail&nbsp;<\/strong>: info@lamaisondurondfromage.be<\/p>\n\n\n\n<p class=\"has-text-align-center\"><strong>T\u00e9l\u00e9phone<\/strong>&nbsp;: +32 493 62 38 45<\/p>\n\n\n\n<p class=\"has-text-align-center\"><strong>R\u00e9seaux sociaux:<\/strong> <\/p>\n\n\n\n<div class=\"wp-block-columns alignfull are-vertically-aligned-center is-layout-flex wp-container-core-columns-is-layout-9d6595d7 wp-block-columns-is-layout-flex\">\n<div class=\"wp-block-column is-vertically-aligned-center is-layout-flow wp-block-column-is-layout-flow\" style=\"flex-basis:100%\">\n<ul class=\"wp-block-social-links is-style-logos-only is-content-justification-center is-layout-flex wp-container-core-social-links-is-layout-16018d1d wp-block-social-links-is-layout-flex\"><li class=\"wp-social-link wp-social-link-facebook  wp-block-social-link\"><a href=\"https:\/\/@marietteetsesherbettes\" class=\"wp-block-social-link-anchor\"><svg width=\"24\" height=\"24\" viewBox=\"0 0 24 24\" version=\"1.1\" xmlns=\"http:\/\/www.w3.org\/2000\/svg\" aria-hidden=\"true\" focusable=\"false\"><path d=\"M12 2C6.5 2 2 6.5 2 12c0 5 3.7 9.1 8.4 9.9v-7H7.9V12h2.5V9.8c0-2.5 1.5-3.9 3.8-3.9 1.1 0 2.2.2 2.2.2v2.5h-1.3c-1.2 0-1.6.8-1.6 1.6V12h2.8l-.4 2.9h-2.3v7C18.3 21.1 22 17 22 12c0-5.5-4.5-10-10-10z\"><\/path><\/svg><span class=\"wp-block-social-link-label screen-reader-text\">Facebook<\/span><\/a><\/li>\n\n<li class=\"wp-social-link wp-social-link-mail  wp-block-social-link\"><a href=\"mailto:i&#110;f&#111;&#064;l&#097;m&#097;&#105;&#115;&#111;&#110;du&#114;ondf&#114;o&#109;&#097;ge&#046;b&#101;\" class=\"wp-block-social-link-anchor\"><svg width=\"24\" height=\"24\" viewBox=\"0 0 24 24\" version=\"1.1\" xmlns=\"http:\/\/www.w3.org\/2000\/svg\" aria-hidden=\"true\" focusable=\"false\"><path d=\"M19,5H5c-1.1,0-2,.9-2,2v10c0,1.1.9,2,2,2h14c1.1,0,2-.9,2-2V7c0-1.1-.9-2-2-2zm.5,12c0,.3-.2.5-.5.5H5c-.3,0-.5-.2-.5-.5V9.8l7.5,5.6,7.5-5.6V17zm0-9.1L12,13.6,4.5,7.9V7c0-.3.2-.5.5-.5h14c.3,0,.5.2.5.5v.9z\"><\/path><\/svg><span class=\"wp-block-social-link-label screen-reader-text\">E-mail<\/span><\/a><\/li>\n\n<li class=\"wp-social-link wp-social-link-instagram  wp-block-social-link\"><a href=\"https:\/\/l.facebook.com\/l.php?u=https%3A%2F%2Fwww.instagram.com%2Fmarietteetsesherbettes%3Ffbclid%3DIwZXh0bgNhZW0CMTAAYnJpZBEwRTFBY0JvRHBtaGs5VTBVZHNydGMGYXBwX2lkEDIyMjAzOTE3ODgyMDA4OTIAAR6mYbN0O7IZHxA4iTTA9mtuIAAtu_F8VXrXKHVucTl9KU7-XFr-JiT1dgDc8A_aem_2gC4EleHhezJLiDjNW3I8g&#038;h=AT0GlolkQVvzdjnnvNtmWbZzDn6Q5z_BR6-IA5XDpHaBEJT2_OIYTBs8fqrhT6QNEQO1RlsMObDF8UonU1IprZ7MTER-TlTkBL2wkF2MEqP0MGsjAFQEyu5UIdStGJOl1Dr2\" class=\"wp-block-social-link-anchor\"><svg width=\"24\" height=\"24\" viewBox=\"0 0 24 24\" version=\"1.1\" xmlns=\"http:\/\/www.w3.org\/2000\/svg\" aria-hidden=\"true\" focusable=\"false\"><path d=\"M12,4.622c2.403,0,2.688,0.009,3.637,0.052c0.877,0.04,1.354,0.187,1.671,0.31c0.42,0.163,0.72,0.358,1.035,0.673 c0.315,0.315,0.51,0.615,0.673,1.035c0.123,0.317,0.27,0.794,0.31,1.671c0.043,0.949,0.052,1.234,0.052,3.637 s-0.009,2.688-0.052,3.637c-0.04,0.877-0.187,1.354-0.31,1.671c-0.163,0.42-0.358,0.72-0.673,1.035 c-0.315,0.315-0.615,0.51-1.035,0.673c-0.317,0.123-0.794,0.27-1.671,0.31c-0.949,0.043-1.233,0.052-3.637,0.052 s-2.688-0.009-3.637-0.052c-0.877-0.04-1.354-0.187-1.671-0.31c-0.42-0.163-0.72-0.358-1.035-0.673 c-0.315-0.315-0.51-0.615-0.673-1.035c-0.123-0.317-0.27-0.794-0.31-1.671C4.631,14.688,4.622,14.403,4.622,12 s0.009-2.688,0.052-3.637c0.04-0.877,0.187-1.354,0.31-1.671c0.163-0.42,0.358-0.72,0.673-1.035 c0.315-0.315,0.615-0.51,1.035-0.673c0.317-0.123,0.794-0.27,1.671-0.31C9.312,4.631,9.597,4.622,12,4.622 M12,3 C9.556,3,9.249,3.01,8.289,3.054C7.331,3.098,6.677,3.25,6.105,3.472C5.513,3.702,5.011,4.01,4.511,4.511 c-0.5,0.5-0.808,1.002-1.038,1.594C3.25,6.677,3.098,7.331,3.054,8.289C3.01,9.249,3,9.556,3,12c0,2.444,0.01,2.751,0.054,3.711 c0.044,0.958,0.196,1.612,0.418,2.185c0.23,0.592,0.538,1.094,1.038,1.594c0.5,0.5,1.002,0.808,1.594,1.038 c0.572,0.222,1.227,0.375,2.185,0.418C9.249,20.99,9.556,21,12,21s2.751-0.01,3.711-0.054c0.958-0.044,1.612-0.196,2.185-0.418 c0.592-0.23,1.094-0.538,1.594-1.038c0.5-0.5,0.808-1.002,1.038-1.594c0.222-0.572,0.375-1.227,0.418-2.185 C20.99,14.751,21,14.444,21,12s-0.01-2.751-0.054-3.711c-0.044-0.958-0.196-1.612-0.418-2.185c-0.23-0.592-0.538-1.094-1.038-1.594 c-0.5-0.5-1.002-0.808-1.594-1.038c-0.572-0.222-1.227-0.375-2.185-0.418C14.751,3.01,14.444,3,12,3L12,3z M12,7.378 c-2.552,0-4.622,2.069-4.622,4.622S9.448,16.622,12,16.622s4.622-2.069,4.622-4.622S14.552,7.378,12,7.378z M12,15 c-1.657,0-3-1.343-3-3s1.343-3,3-3s3,1.343,3,3S13.657,15,12,15z M16.804,6.116c-0.596,0-1.08,0.484-1.08,1.08 s0.484,1.08,1.08,1.08c0.596,0,1.08-0.484,1.08-1.08S17.401,6.116,16.804,6.116z\"><\/path><\/svg><span class=\"wp-block-social-link-label screen-reader-text\">Instagram<\/span><\/a><\/li><\/ul>\n<\/div>\n<\/div>\n<\/div><\/div>\n\n\n\n<p><\/p>\n\n\n","protected":false},"excerpt":{"rendered":"<p>Accueil Chez \u00ab&nbsp;Mariette et ses Herbettes&nbsp;\u00bb, on cultive sur une surface de 30 ares des plantes aromatiques et m\u00e9dicinales. Avec ces plantes, sem\u00e9es, cultiv\u00e9es, r\u00e9colt\u00e9es et transform\u00e9es avec un maximum de soins, nous vous proposons: Sur notre terrain, en pleine \u00e9volution, vous trouverez des plantes annuelles, vivaces mises en place pour la r\u00e9colte. Mais aussi&hellip;&nbsp;<a href=\"https:\/\/lamaisondurondfromage.be\/\" rel=\"bookmark\">Lire la suite &raquo;<span class=\"screen-reader-text\">Accueil<\/span><\/a><\/p>\n","protected":false},"author":1,"featured_media":50,"parent":0,"menu_order":0,"comment_status":"closed","ping_status":"closed","template":"","meta":{"neve_meta_sidebar":"full-width","neve_meta_container":"full-width","neve_meta_enable_content_width":"on","neve_meta_content_width":70,"neve_meta_title_alignment":"","neve_meta_author_avatar":"","neve_post_elements_order":"","neve_meta_disable_header":"","neve_meta_disable_footer":"","neve_meta_disable_title":"on","footnotes":""},"class_list":["post-26","page","type-page","status-publish","has-post-thumbnail","hentry"],"jetpack_sharing_enabled":true,"_links":{"self":[{"href":"https:\/\/lamaisondurondfromage.be\/index.php\/wp-json\/wp\/v2\/pages\/26","targetHints":{"allow":["GET"]}}],"collection":[{"href":"https:\/\/lamaisondurondfromage.be\/index.php\/wp-json\/wp\/v2\/pages"}],"about":[{"href":"https:\/\/lamaisondurondfromage.be\/index.php\/wp-json\/wp\/v2\/types\/page"}],"author":[{"embeddable":true,"href":"https:\/\/lamaisondurondfromage.be\/index.php\/wp-json\/wp\/v2\/users\/1"}],"replies":[{"embeddable":true,"href":"https:\/\/lamaisondurondfromage.be\/index.php\/wp-json\/wp\/v2\/comments?post=26"}],"version-history":[{"count":25,"href":"https:\/\/lamaisondurondfromage.be\/index.php\/wp-json\/wp\/v2\/pages\/26\/revisions"}],"predecessor-version":[{"id":555,"href":"https:\/\/lamaisondurondfromage.be\/index.php\/wp-json\/wp\/v2\/pages\/26\/revisions\/555"}],"wp:featuredmedia":[{"embeddable":true,"href":"https:\/\/lamaisondurondfromage.be\/index.php\/wp-json\/wp\/v2\/media\/50"}],"wp:attachment":[{"href":"https:\/\/lamaisondurondfromage.be\/index.php\/wp-json\/wp\/v2\/media?parent=26"}],"curies":[{"name":"wp","href":"https:\/\/api.w.org\/{rel}","templated":true}]}}