{"id":20,"date":"2023-03-23T17:25:44","date_gmt":"2023-03-23T16:25:44","guid":{"rendered":"http:\/\/lamaisn.cluster029.hosting.ovh.net\/?page_id=20"},"modified":"2023-03-23T17:25:44","modified_gmt":"2023-03-23T16:25:44","slug":"contact","status":"publish","type":"page","link":"https:\/\/lamaisondurondfromage.be\/index.php\/contact\/","title":{"rendered":"Contact"},"content":{"rendered":"\n<h2 class=\"has-text-align-center has-nv-site-bg-background-color has-background wp-block-heading\"><strong>NOUS CONTACTER<\/strong><\/h2>\n\n\n\n<p class=\"has-text-align-center\">Une question ? Un souhait? Un conseil? N&rsquo;h\u00e9sitez pas \u00e0 nous contacter. <\/p>\n\n\n\n<p class=\"has-text-align-center\"><em><strong>Plusieurs possibilit\u00e9s:<\/strong><\/em><\/p>\n\n\n\n<div class=\"wp-block-group has-nv-site-bg-background-color has-background\"><div class=\"wp-block-group__inner-container is-layout-constrained wp-block-group-is-layout-constrained\">\n<div class=\"wp-block-group is-vertical is-content-justification-center is-layout-flex wp-container-core-group-is-layout-4b2eccd6 wp-block-group-is-layout-flex\">\n<p><strong>Adresse postale<\/strong>&nbsp;<strong>:<\/strong><\/p>\n\n\n\n<p>Rue du Rond Fromage, Champs, 35  &#8211; 6687 Bertogne<\/p>\n\n\n\n<p><strong>T\u00e9l\u00e9phone<\/strong>&nbsp;: +32 493 62 38 45<\/p>\n\n\n\n<p><strong>Mail&nbsp;<\/strong>: info@lamaisondurondfromage.be<\/p>\n\n\n\n<div class=\"wp-block-group is-vertical is-layout-flex wp-container-core-group-is-layout-8cf370e7 wp-block-group-is-layout-flex\">\n<div class=\"wp-block-group is-nowrap is-layout-flex wp-container-core-group-is-layout-ad2f72ca wp-block-group-is-layout-flex\">\n<p><strong>R\u00e9seaux sociaux:<\/strong><\/p>\n\n\n\n<ul class=\"wp-block-social-links is-layout-flex wp-block-social-links-is-layout-flex\"><li class=\"wp-social-link wp-social-link-facebook  wp-block-social-link\"><a href=\"https:\/\/@marietteetsesherbettes\" class=\"wp-block-social-link-anchor\"><svg width=\"24\" height=\"24\" viewBox=\"0 0 24 24\" version=\"1.1\" xmlns=\"http:\/\/www.w3.org\/2000\/svg\" aria-hidden=\"true\" focusable=\"false\"><path d=\"M12 2C6.5 2 2 6.5 2 12c0 5 3.7 9.1 8.4 9.9v-7H7.9V12h2.5V9.8c0-2.5 1.5-3.9 3.8-3.9 1.1 0 2.2.2 2.2.2v2.5h-1.3c-1.2 0-1.6.8-1.6 1.6V12h2.8l-.4 2.9h-2.3v7C18.3 21.1 22 17 22 12c0-5.5-4.5-10-10-10z\"><\/path><\/svg><span class=\"wp-block-social-link-label screen-reader-text\">Facebook<\/span><\/a><\/li>\n\n\n\n<li class=\"wp-social-link wp-social-link-mail  wp-block-social-link\"><a href=\"mailto:i&#110;&#102;o&#064;l&#097;mai&#115;&#111;ndu&#114;on&#100;fro&#109;age.&#098;&#101;\" class=\"wp-block-social-link-anchor\"><svg width=\"24\" height=\"24\" viewBox=\"0 0 24 24\" version=\"1.1\" xmlns=\"http:\/\/www.w3.org\/2000\/svg\" aria-hidden=\"true\" focusable=\"false\"><path d=\"M19,5H5c-1.1,0-2,.9-2,2v10c0,1.1.9,2,2,2h14c1.1,0,2-.9,2-2V7c0-1.1-.9-2-2-2zm.5,12c0,.3-.2.5-.5.5H5c-.3,0-.5-.2-.5-.5V9.8l7.5,5.6,7.5-5.6V17zm0-9.1L12,13.6,4.5,7.9V7c0-.3.2-.5.5-.5h14c.3,0,.5.2.5.5v.9z\"><\/path><\/svg><span class=\"wp-block-social-link-label screen-reader-text\">E-mail<\/span><\/a><\/li><\/ul>\n<\/div>\n<\/div>\n<\/div>\n<\/div><\/div>\n\n\n\n<div style=\"height:100px\" aria-hidden=\"true\" class=\"wp-block-spacer\"><\/div>\n\n\n\n<p class=\"has-text-align-center has-nv-site-bg-background-color has-background\"><strong>Formulaire de contact<\/strong>:<\/p>\n\n\n\n<p><\/p>\n\n\n<div class=\"wp-block-jetpack-contact-form\"><a href=\"https:\/\/lamaisondurondfromage.be\/index.php\/contact\/\" target=\"_blank\" rel=\"noopener noreferrer\">Soumettre un formulaire.<\/a><\/div>","protected":false},"excerpt":{"rendered":"<p>NOUS CONTACTER Une question ? Un souhait? Un conseil? N&rsquo;h\u00e9sitez pas \u00e0 nous contacter. Plusieurs possibilit\u00e9s: Adresse postale&nbsp;: Rue du Rond Fromage, Champs, 35 &#8211; 6687 Bertogne T\u00e9l\u00e9phone&nbsp;: +32 493 62 38 45 Mail&nbsp;: info@lamaisondurondfromage.be R\u00e9seaux sociaux: Formulaire de contact:<\/p>\n","protected":false},"author":1,"featured_media":0,"parent":0,"menu_order":0,"comment_status":"closed","ping_status":"closed","template":"","meta":{"neve_meta_sidebar":"","neve_meta_container":"","neve_meta_enable_content_width":"","neve_meta_content_width":0,"neve_meta_title_alignment":"","neve_meta_author_avatar":"","neve_post_elements_order":"","neve_meta_disable_header":"","neve_meta_disable_footer":"","neve_meta_disable_title":"","footnotes":""},"class_list":["post-20","page","type-page","status-publish","hentry"],"jetpack_sharing_enabled":true,"_links":{"self":[{"href":"https:\/\/lamaisondurondfromage.be\/index.php\/wp-json\/wp\/v2\/pages\/20","targetHints":{"allow":["GET"]}}],"collection":[{"href":"https:\/\/lamaisondurondfromage.be\/index.php\/wp-json\/wp\/v2\/pages"}],"about":[{"href":"https:\/\/lamaisondurondfromage.be\/index.php\/wp-json\/wp\/v2\/types\/page"}],"author":[{"embeddable":true,"href":"https:\/\/lamaisondurondfromage.be\/index.php\/wp-json\/wp\/v2\/users\/1"}],"replies":[{"embeddable":true,"href":"https:\/\/lamaisondurondfromage.be\/index.php\/wp-json\/wp\/v2\/comments?post=20"}],"version-history":[{"count":4,"href":"https:\/\/lamaisondurondfromage.be\/index.php\/wp-json\/wp\/v2\/pages\/20\/revisions"}],"predecessor-version":[{"id":338,"href":"https:\/\/lamaisondurondfromage.be\/index.php\/wp-json\/wp\/v2\/pages\/20\/revisions\/338"}],"wp:attachment":[{"href":"https:\/\/lamaisondurondfromage.be\/index.php\/wp-json\/wp\/v2\/media?parent=20"}],"curies":[{"name":"wp","href":"https:\/\/api.w.org\/{rel}","templated":true}]}}