{"id":197,"date":"2023-03-14T14:22:32","date_gmt":"2023-03-14T13:22:32","guid":{"rendered":"http:\/\/lamaisn.cluster029.hosting.ovh.net\/index.php\/page-daccueil\/"},"modified":"2023-03-23T21:22:45","modified_gmt":"2023-03-23T20:22:45","slug":"page-daccueil","status":"publish","type":"page","link":"https:\/\/lamaisondurondfromage.be\/index.php\/la-boutique\/page-daccueil\/","title":{"rendered":"Page d\u2019accueil de la boutique"},"content":{"rendered":"\n<p><\/p>\n\n\n\n<h2 class=\"has-text-align-center has-nv-site-bg-background-color has-background wp-block-heading\">Cat\u00e9gorie<\/h2>\n\n\n<div class=\"woocommerce columns-4\"><ul class=\"products columns-4\">\n<li class=\"product-category product first\">\n\t<a aria-label=\"Acc\u00e9der \u00e0 la cat\u00e9gorie de produits Coffrets, id\u00e9es cadeaux, autres,...\" href=\"https:\/\/lamaisondurondfromage.be\/index.php\/categorie-produit\/autres\/\"><img loading=\"lazy\" decoding=\"async\" src=\"https:\/\/lamaisondurondfromage.be\/wp-content\/uploads\/2023\/03\/20221217_181734.jpg\" alt=\"Coffrets, id\u00e9es cadeaux, autres,...\" width=\"500\" height=\"500\" srcset=\"https:\/\/lamaisondurondfromage.be\/wp-content\/uploads\/2023\/03\/20221217_181734.jpg 448w, https:\/\/lamaisondurondfromage.be\/wp-content\/uploads\/2023\/03\/20221217_181734-300x225.jpg 300w\" sizes=\"auto, (max-width: 448px) 100vw, 448px\" \/>\t\t<h2 class=\"woocommerce-loop-category__title\">\n\t\t\tCoffrets, id\u00e9es cadeaux, autres,... <mark class=\"count\">(4)<\/mark>\t\t<\/h2>\n\t\t<\/a><\/li>\n<li class=\"product-category product\">\n\t<a aria-label=\"Acc\u00e9der \u00e0 la cat\u00e9gorie de produits Les herbes aromatiques - P\u00e9tales de fleurs\" href=\"https:\/\/lamaisondurondfromage.be\/index.php\/categorie-produit\/les-herbes-aromatiques\/\"><img loading=\"lazy\" decoding=\"async\" src=\"https:\/\/lamaisondurondfromage.be\/wp-content\/uploads\/2025\/11\/IMG_20250728_0943511-scaled-500x500.jpg\" alt=\"Les herbes aromatiques - P\u00e9tales de fleurs\" width=\"500\" height=\"500\" srcset=\"https:\/\/lamaisondurondfromage.be\/wp-content\/uploads\/2025\/11\/IMG_20250728_0943511-scaled-500x500.jpg 500w, https:\/\/lamaisondurondfromage.be\/wp-content\/uploads\/2025\/11\/IMG_20250728_0943511-scaled-100x100.jpg 100w, https:\/\/lamaisondurondfromage.be\/wp-content\/uploads\/2025\/11\/IMG_20250728_0943511-150x150.jpg 150w\" sizes=\"auto, (max-width: 500px) 100vw, 500px\" \/>\t\t<h2 class=\"woocommerce-loop-category__title\">\n\t\t\tLes herbes aromatiques - P\u00e9tales de fleurs <mark class=\"count\">(4)<\/mark>\t\t<\/h2>\n\t\t<\/a><\/li>\n<li class=\"product-category product\">\n\t<a aria-label=\"Acc\u00e9der \u00e0 la cat\u00e9gorie de produits Miel\" href=\"https:\/\/lamaisondurondfromage.be\/index.php\/categorie-produit\/miel\/\"><img loading=\"lazy\" decoding=\"async\" src=\"https:\/\/lamaisondurondfromage.be\/wp-content\/uploads\/2025\/11\/IMG_20251125_114918-scaled-500x500.jpg\" alt=\"Miel\" width=\"500\" height=\"500\" srcset=\"https:\/\/lamaisondurondfromage.be\/wp-content\/uploads\/2025\/11\/IMG_20251125_114918-scaled-500x500.jpg 500w, https:\/\/lamaisondurondfromage.be\/wp-content\/uploads\/2025\/11\/IMG_20251125_114918-scaled-100x100.jpg 100w, https:\/\/lamaisondurondfromage.be\/wp-content\/uploads\/2025\/11\/IMG_20251125_114918-150x150.jpg 150w\" sizes=\"auto, (max-width: 500px) 100vw, 500px\" \/>\t\t<h2 class=\"woocommerce-loop-category__title\">\n\t\t\tMiel <mark class=\"count\">(2)<\/mark>\t\t<\/h2>\n\t\t<\/a><\/li>\n<li class=\"product-category product last\">\n\t<a aria-label=\"Acc\u00e9der \u00e0 la cat\u00e9gorie de produits Sels aromatis\u00e9s\" href=\"https:\/\/lamaisondurondfromage.be\/index.php\/categorie-produit\/sels-aromatises\/\"><img loading=\"lazy\" decoding=\"async\" src=\"https:\/\/lamaisondurondfromage.be\/wp-content\/uploads\/2023\/03\/318016511_514393147400958_3944866458394480852_n-300x280.png\" alt=\"Sels aromatis\u00e9s\" width=\"500\" height=\"500\" \/>\t\t<h2 class=\"woocommerce-loop-category__title\">\n\t\t\tSels aromatis\u00e9s <mark class=\"count\">(9)<\/mark>\t\t<\/h2>\n\t\t<\/a><\/li>\n<li class=\"product-category product first\">\n\t<a aria-label=\"Acc\u00e9der \u00e0 la cat\u00e9gorie de produits Sirops\" href=\"https:\/\/lamaisondurondfromage.be\/index.php\/categorie-produit\/sirops\/\"><img loading=\"lazy\" decoding=\"async\" src=\"https:\/\/lamaisondurondfromage.be\/wp-content\/uploads\/2025\/11\/IMG_20250728_094519-scaled-500x500.jpg\" alt=\"Sirops\" width=\"500\" height=\"500\" srcset=\"https:\/\/lamaisondurondfromage.be\/wp-content\/uploads\/2025\/11\/IMG_20250728_094519-scaled-500x500.jpg 500w, https:\/\/lamaisondurondfromage.be\/wp-content\/uploads\/2025\/11\/IMG_20250728_094519-scaled-100x100.jpg 100w, https:\/\/lamaisondurondfromage.be\/wp-content\/uploads\/2025\/11\/IMG_20250728_094519-150x150.jpg 150w\" sizes=\"auto, (max-width: 500px) 100vw, 500px\" \/>\t\t<h2 class=\"woocommerce-loop-category__title\">\n\t\t\tSirops <mark class=\"count\">(5)<\/mark>\t\t<\/h2>\n\t\t<\/a><\/li>\n<li class=\"product-category product\">\n\t<a aria-label=\"Acc\u00e9der \u00e0 la cat\u00e9gorie de produits Tisanes\" href=\"https:\/\/lamaisondurondfromage.be\/index.php\/categorie-produit\/tisanes\/\"><img loading=\"lazy\" decoding=\"async\" src=\"https:\/\/lamaisondurondfromage.be\/wp-content\/uploads\/2025\/11\/IMG_20250728_094447-scaled-500x500.jpg\" alt=\"Tisanes\" width=\"500\" height=\"500\" srcset=\"https:\/\/lamaisondurondfromage.be\/wp-content\/uploads\/2025\/11\/IMG_20250728_094447-scaled-500x500.jpg 500w, https:\/\/lamaisondurondfromage.be\/wp-content\/uploads\/2025\/11\/IMG_20250728_094447-scaled-100x100.jpg 100w, https:\/\/lamaisondurondfromage.be\/wp-content\/uploads\/2025\/11\/IMG_20250728_094447-150x150.jpg 150w\" sizes=\"auto, (max-width: 500px) 100vw, 500px\" \/>\t\t<h2 class=\"woocommerce-loop-category__title\">\n\t\t\tTisanes <mark class=\"count\">(9)<\/mark>\t\t<\/h2>\n\t\t<\/a><\/li>\n<li class=\"product-category product\">\n\t<a aria-label=\"Acc\u00e9der \u00e0 la cat\u00e9gorie de produits Vinaigres\" href=\"https:\/\/lamaisondurondfromage.be\/index.php\/categorie-produit\/vinaigres\/\"><img loading=\"lazy\" decoding=\"async\" src=\"https:\/\/lamaisondurondfromage.be\/wp-content\/uploads\/2025\/11\/IMG_20250728_094501-scaled-500x500.jpg\" alt=\"Vinaigres\" width=\"500\" height=\"500\" srcset=\"https:\/\/lamaisondurondfromage.be\/wp-content\/uploads\/2025\/11\/IMG_20250728_094501-scaled-500x500.jpg 500w, https:\/\/lamaisondurondfromage.be\/wp-content\/uploads\/2025\/11\/IMG_20250728_094501-scaled-100x100.jpg 100w, https:\/\/lamaisondurondfromage.be\/wp-content\/uploads\/2025\/11\/IMG_20250728_094501-150x150.jpg 150w\" sizes=\"auto, (max-width: 500px) 100vw, 500px\" \/>\t\t<h2 class=\"woocommerce-loop-category__title\">\n\t\t\tVinaigres <mark class=\"count\">(4)<\/mark>\t\t<\/h2>\n\t\t<\/a><\/li>\n<\/ul>\n<\/div>\n\n\n\n<h2 class=\"has-text-align-center has-nv-site-bg-background-color has-background wp-block-heading\">Nouveaut\u00e9s<\/h2>\n\n\n<div data-block-name=\"woocommerce\/product-new\" data-columns=\"5\" data-content-visibility=\"{&quot;image&quot;:true,&quot;title&quot;:true,&quot;price&quot;:true,&quot;rating&quot;:false,&quot;button&quot;:false}\" data-rows=\"1\" data-stock-status=\"[&quot;&quot;,&quot;instock&quot;,&quot;outofstock&quot;,&quot;onbackorder&quot;]\" class=\"wc-block-grid wp-block-product-new wp-block-woocommerce-product-new wc-block-product-new has-5-columns\"><ul class=\"wc-block-grid__products\"><li class=\"wc-block-grid__product\">\n\t\t\t\t<a href=\"https:\/\/lamaisondurondfromage.be\/index.php\/produit\/sel-pimente-70-gr\/\" class=\"wc-block-grid__product-link\">\n\t\t\t\t\t\n\t\t\t\t\t<div class=\"wc-block-grid__product-image\"><img loading=\"lazy\" decoding=\"async\" width=\"500\" height=\"500\" src=\"https:\/\/lamaisondurondfromage.be\/wp-content\/uploads\/2025\/11\/IMG_20251128_153927-500x500.jpg\" class=\"attachment-woocommerce_thumbnail size-woocommerce_thumbnail\" alt=\"Sel Pimen&#039;t\u00e9 - 70 gr\" srcset=\"https:\/\/lamaisondurondfromage.be\/wp-content\/uploads\/2025\/11\/IMG_20251128_153927-500x500.jpg 500w, https:\/\/lamaisondurondfromage.be\/wp-content\/uploads\/2025\/11\/IMG_20251128_153927-100x100.jpg 100w, https:\/\/lamaisondurondfromage.be\/wp-content\/uploads\/2025\/11\/IMG_20251128_153927-150x150.jpg 150w\" sizes=\"auto, (max-width: 500px) 100vw, 500px\" \/><\/div>\n\t\t\t\t\t<div class=\"wc-block-grid__product-title\">Sel Pimen&rsquo;t\u00e9 &#8211; 70 gr<\/div>\n\t\t\t\t<\/a>\n\t\t\t\t<div class=\"wc-block-grid__product-price price\"><span class=\"woocommerce-Price-amount amount\"><span class=\"woocommerce-Price-currencySymbol\">&euro;<\/span>&nbsp;6,00<\/span><\/div>\n\t\t\t\t\n\t\t\t\t\n\t\t\t<\/li><li class=\"wc-block-grid__product\">\n\t\t\t\t<a href=\"https:\/\/lamaisondurondfromage.be\/index.php\/produit\/sirop-melisse-menthe-250-ml\/\" class=\"wc-block-grid__product-link\">\n\t\t\t\t\t\n\t\t\t\t\t<div class=\"wc-block-grid__product-image\"><img loading=\"lazy\" decoding=\"async\" width=\"500\" height=\"500\" src=\"https:\/\/lamaisondurondfromage.be\/wp-content\/uploads\/2025\/11\/IMG_20251128_153359-scaled-500x500.jpg\" class=\"attachment-woocommerce_thumbnail size-woocommerce_thumbnail\" alt=\"Sirop M\u00e9lisse\/Menthe - 250 ml\" srcset=\"https:\/\/lamaisondurondfromage.be\/wp-content\/uploads\/2025\/11\/IMG_20251128_153359-scaled-500x500.jpg 500w, https:\/\/lamaisondurondfromage.be\/wp-content\/uploads\/2025\/11\/IMG_20251128_153359-scaled-100x100.jpg 100w, https:\/\/lamaisondurondfromage.be\/wp-content\/uploads\/2025\/11\/IMG_20251128_153359-150x150.jpg 150w\" sizes=\"auto, (max-width: 500px) 100vw, 500px\" \/><\/div>\n\t\t\t\t\t<div class=\"wc-block-grid__product-title\">Sirop M\u00e9lisse\/Menthe &#8211; 250 ml<\/div>\n\t\t\t\t<\/a>\n\t\t\t\t<div class=\"wc-block-grid__product-price price\"><span class=\"woocommerce-Price-amount amount\"><span class=\"woocommerce-Price-currencySymbol\">&euro;<\/span>&nbsp;7,50<\/span><\/div>\n\t\t\t\t\n\t\t\t\t\n\t\t\t<\/li><li class=\"wc-block-grid__product\">\n\t\t\t\t<a href=\"https:\/\/lamaisondurondfromage.be\/index.php\/produit\/sel-liveche-orties-70-gr\/\" class=\"wc-block-grid__product-link\">\n\t\t\t\t\t\n\t\t\t\t\t<div class=\"wc-block-grid__product-image\"><img loading=\"lazy\" decoding=\"async\" width=\"500\" height=\"500\" src=\"https:\/\/lamaisondurondfromage.be\/wp-content\/uploads\/2025\/11\/IMG_20240927_172940-scaled-500x500.jpg\" class=\"attachment-woocommerce_thumbnail size-woocommerce_thumbnail\" alt=\"Sel Liv\u00e8che\/orties - 70  gr\" srcset=\"https:\/\/lamaisondurondfromage.be\/wp-content\/uploads\/2025\/11\/IMG_20240927_172940-scaled-500x500.jpg 500w, https:\/\/lamaisondurondfromage.be\/wp-content\/uploads\/2025\/11\/IMG_20240927_172940-scaled-100x100.jpg 100w, https:\/\/lamaisondurondfromage.be\/wp-content\/uploads\/2025\/11\/IMG_20240927_172940-150x150.jpg 150w\" sizes=\"auto, (max-width: 500px) 100vw, 500px\" \/><\/div>\n\t\t\t\t\t<div class=\"wc-block-grid__product-title\">Sel Liv\u00e8che\/orties &#8211; 70  gr<\/div>\n\t\t\t\t<\/a>\n\t\t\t\t<div class=\"wc-block-grid__product-price price\"><span class=\"woocommerce-Price-amount amount\"><span class=\"woocommerce-Price-currencySymbol\">&euro;<\/span>&nbsp;6,00<\/span><\/div>\n\t\t\t\t\n\t\t\t\t\n\t\t\t<\/li><li class=\"wc-block-grid__product\">\n\t\t\t\t<a href=\"https:\/\/lamaisondurondfromage.be\/index.php\/produit\/les-simples-15-gr\/\" class=\"wc-block-grid__product-link\">\n\t\t\t\t\t\n\t\t\t\t\t<div class=\"wc-block-grid__product-image\"><img loading=\"lazy\" decoding=\"async\" width=\"500\" height=\"500\" src=\"https:\/\/lamaisondurondfromage.be\/wp-content\/uploads\/2025\/11\/IMG_20251128_153729-1-scaled-500x500.jpg\" class=\"attachment-woocommerce_thumbnail size-woocommerce_thumbnail\" alt=\"Les simples - 15 gr\" srcset=\"https:\/\/lamaisondurondfromage.be\/wp-content\/uploads\/2025\/11\/IMG_20251128_153729-1-scaled-500x500.jpg 500w, https:\/\/lamaisondurondfromage.be\/wp-content\/uploads\/2025\/11\/IMG_20251128_153729-1-scaled-100x100.jpg 100w, https:\/\/lamaisondurondfromage.be\/wp-content\/uploads\/2025\/11\/IMG_20251128_153729-1-150x150.jpg 150w\" sizes=\"auto, (max-width: 500px) 100vw, 500px\" \/><\/div>\n\t\t\t\t\t<div class=\"wc-block-grid__product-title\">Les simples &#8211; 15 gr<\/div>\n\t\t\t\t<\/a>\n\t\t\t\t<div class=\"wc-block-grid__product-price price\"><span class=\"woocommerce-Price-amount amount\"><span class=\"woocommerce-Price-currencySymbol\">&euro;<\/span>&nbsp;6,00<\/span><\/div>\n\t\t\t\t\n\t\t\t\t\n\t\t\t<\/li><li class=\"wc-block-grid__product\">\n\t\t\t\t<a href=\"https:\/\/lamaisondurondfromage.be\/index.php\/produit\/chaleur-dhiver-25-gr-edition-limitee\/\" class=\"wc-block-grid__product-link\">\n\t\t\t\t\t\n\t\t\t\t\t<div class=\"wc-block-grid__product-image\"><img loading=\"lazy\" decoding=\"async\" width=\"500\" height=\"500\" src=\"https:\/\/lamaisondurondfromage.be\/wp-content\/uploads\/2025\/11\/IMG_20251128_153523-scaled-500x500.jpg\" class=\"attachment-woocommerce_thumbnail size-woocommerce_thumbnail\" alt=\"Chaleur d&#039;hiver - 25 gr - Edition limit\u00e9e\" srcset=\"https:\/\/lamaisondurondfromage.be\/wp-content\/uploads\/2025\/11\/IMG_20251128_153523-scaled-500x500.jpg 500w, https:\/\/lamaisondurondfromage.be\/wp-content\/uploads\/2025\/11\/IMG_20251128_153523-scaled-100x100.jpg 100w, https:\/\/lamaisondurondfromage.be\/wp-content\/uploads\/2025\/11\/IMG_20251128_153523-150x150.jpg 150w\" sizes=\"auto, (max-width: 500px) 100vw, 500px\" \/><\/div>\n\t\t\t\t\t<div class=\"wc-block-grid__product-title\">Chaleur d&rsquo;hiver &#8211; 25 gr &#8211; Edition limit\u00e9e<\/div>\n\t\t\t\t<\/a>\n\t\t\t\t<div class=\"wc-block-grid__product-price price\"><span class=\"woocommerce-Price-amount amount\"><span class=\"woocommerce-Price-currencySymbol\">&euro;<\/span>&nbsp;8,50<\/span><\/div>\n\t\t\t\t\n\t\t\t\t\n\t\t\t<\/li><\/ul><\/div>\n\n\n<hr class=\"wp-block-separator has-alpha-channel-opacity\"\/>\n\n\n\n<h2 class=\"has-text-align-center wp-block-heading\">En promotion<\/h2>\n\n\n\n\n\n<hr class=\"wp-block-separator has-alpha-channel-opacity\"\/>\n\n\n\n<h2 class=\"has-text-align-center has-nv-site-bg-background-color has-background wp-block-heading\">Meilleurs produits<\/h2>\n\n\n<div data-align-buttons=\"true\" data-block-name=\"woocommerce\/product-best-sellers\" data-columns=\"5\" data-content-visibility=\"{&quot;image&quot;:true,&quot;title&quot;:true,&quot;price&quot;:true,&quot;rating&quot;:false,&quot;button&quot;:false}\" data-rows=\"1\" class=\"wc-block-grid wp-block-product-best-sellers wp-block-woocommerce-product-best-sellers wc-block-product-best-sellers has-5-columns has-aligned-buttons\"><ul class=\"wc-block-grid__products\"><li class=\"wc-block-grid__product\">\n\t\t\t\t<a href=\"https:\/\/lamaisondurondfromage.be\/index.php\/produit\/sel-au-basilic-pourpre-70-gr\/\" class=\"wc-block-grid__product-link\">\n\t\t\t\t\t\n\t\t\t\t\t<div class=\"wc-block-grid__product-image\"><img loading=\"lazy\" decoding=\"async\" width=\"500\" height=\"500\" src=\"https:\/\/lamaisondurondfromage.be\/wp-content\/uploads\/2023\/03\/P1170139-scaled-e1698309716813-500x500.jpg\" class=\"attachment-woocommerce_thumbnail size-woocommerce_thumbnail\" alt=\"Sel au basilic pourpre - 70 gr\" srcset=\"https:\/\/lamaisondurondfromage.be\/wp-content\/uploads\/2023\/03\/P1170139-scaled-e1698309716813-500x500.jpg 500w, https:\/\/lamaisondurondfromage.be\/wp-content\/uploads\/2023\/03\/P1170139-scaled-e1698309716813-100x100.jpg 100w, https:\/\/lamaisondurondfromage.be\/wp-content\/uploads\/2023\/03\/P1170139-scaled-e1698309716813-150x150.jpg 150w\" sizes=\"auto, (max-width: 500px) 100vw, 500px\" \/><\/div>\n\t\t\t\t\t<div class=\"wc-block-grid__product-title\">Sel au basilic pourpre &#8211; 70 gr<\/div>\n\t\t\t\t<\/a>\n\t\t\t\t<div class=\"wc-block-grid__product-price price\"><span class=\"woocommerce-Price-amount amount\"><span class=\"woocommerce-Price-currencySymbol\">&euro;<\/span>&nbsp;6,00<\/span><\/div>\n\t\t\t\t\n\t\t\t\t\n\t\t\t<\/li><li class=\"wc-block-grid__product\">\n\t\t\t\t<a href=\"https:\/\/lamaisondurondfromage.be\/index.php\/produit\/tisane-ki-fe-du-bien-20-gr\/\" class=\"wc-block-grid__product-link\">\n\t\t\t\t\t\n\t\t\t\t\t<div class=\"wc-block-grid__product-image\"><img loading=\"lazy\" decoding=\"async\" width=\"500\" height=\"500\" src=\"https:\/\/lamaisondurondfromage.be\/wp-content\/uploads\/2023\/03\/P1170136-scaled-e1698310412160-500x500.jpg\" class=\"attachment-woocommerce_thumbnail size-woocommerce_thumbnail\" alt=\"Tisane &quot;Ki f\u00e9 du bien&quot; - 15 gr\" srcset=\"https:\/\/lamaisondurondfromage.be\/wp-content\/uploads\/2023\/03\/P1170136-scaled-e1698310412160-500x500.jpg 500w, https:\/\/lamaisondurondfromage.be\/wp-content\/uploads\/2023\/03\/P1170136-scaled-e1698310412160-100x100.jpg 100w, https:\/\/lamaisondurondfromage.be\/wp-content\/uploads\/2023\/03\/P1170136-scaled-e1698310412160-150x150.jpg 150w\" sizes=\"auto, (max-width: 500px) 100vw, 500px\" \/><\/div>\n\t\t\t\t\t<div class=\"wc-block-grid__product-title\">Tisane \u00ab\u00a0Ki f\u00e9 du bien\u00a0\u00bb &#8211; 15 gr<\/div>\n\t\t\t\t<\/a>\n\t\t\t\t<div class=\"wc-block-grid__product-price price\"><span class=\"woocommerce-Price-amount amount\"><span class=\"woocommerce-Price-currencySymbol\">&euro;<\/span>&nbsp;6,00<\/span><\/div>\n\t\t\t\t\n\t\t\t\t\n\t\t\t<\/li><li class=\"wc-block-grid__product\">\n\t\t\t\t<a href=\"https:\/\/lamaisondurondfromage.be\/index.php\/produit\/sel-pimente-70-gr\/\" class=\"wc-block-grid__product-link\">\n\t\t\t\t\t\n\t\t\t\t\t<div class=\"wc-block-grid__product-image\"><img loading=\"lazy\" decoding=\"async\" width=\"500\" height=\"500\" src=\"https:\/\/lamaisondurondfromage.be\/wp-content\/uploads\/2025\/11\/IMG_20251128_153927-500x500.jpg\" class=\"attachment-woocommerce_thumbnail size-woocommerce_thumbnail\" alt=\"Sel Pimen&#039;t\u00e9 - 70 gr\" srcset=\"https:\/\/lamaisondurondfromage.be\/wp-content\/uploads\/2025\/11\/IMG_20251128_153927-500x500.jpg 500w, https:\/\/lamaisondurondfromage.be\/wp-content\/uploads\/2025\/11\/IMG_20251128_153927-100x100.jpg 100w, https:\/\/lamaisondurondfromage.be\/wp-content\/uploads\/2025\/11\/IMG_20251128_153927-150x150.jpg 150w\" sizes=\"auto, (max-width: 500px) 100vw, 500px\" \/><\/div>\n\t\t\t\t\t<div class=\"wc-block-grid__product-title\">Sel Pimen&rsquo;t\u00e9 &#8211; 70 gr<\/div>\n\t\t\t\t<\/a>\n\t\t\t\t<div class=\"wc-block-grid__product-price price\"><span class=\"woocommerce-Price-amount amount\"><span class=\"woocommerce-Price-currencySymbol\">&euro;<\/span>&nbsp;6,00<\/span><\/div>\n\t\t\t\t\n\t\t\t\t\n\t\t\t<\/li><li class=\"wc-block-grid__product\">\n\t\t\t\t<a href=\"https:\/\/lamaisondurondfromage.be\/index.php\/produit\/sel-liveche-orties-70-gr\/\" class=\"wc-block-grid__product-link\">\n\t\t\t\t\t\n\t\t\t\t\t<div class=\"wc-block-grid__product-image\"><img loading=\"lazy\" decoding=\"async\" width=\"500\" height=\"500\" src=\"https:\/\/lamaisondurondfromage.be\/wp-content\/uploads\/2025\/11\/IMG_20240927_172940-scaled-500x500.jpg\" class=\"attachment-woocommerce_thumbnail size-woocommerce_thumbnail\" alt=\"Sel Liv\u00e8che\/orties - 70  gr\" srcset=\"https:\/\/lamaisondurondfromage.be\/wp-content\/uploads\/2025\/11\/IMG_20240927_172940-scaled-500x500.jpg 500w, https:\/\/lamaisondurondfromage.be\/wp-content\/uploads\/2025\/11\/IMG_20240927_172940-scaled-100x100.jpg 100w, https:\/\/lamaisondurondfromage.be\/wp-content\/uploads\/2025\/11\/IMG_20240927_172940-150x150.jpg 150w\" sizes=\"auto, (max-width: 500px) 100vw, 500px\" \/><\/div>\n\t\t\t\t\t<div class=\"wc-block-grid__product-title\">Sel Liv\u00e8che\/orties &#8211; 70  gr<\/div>\n\t\t\t\t<\/a>\n\t\t\t\t<div class=\"wc-block-grid__product-price price\"><span class=\"woocommerce-Price-amount amount\"><span class=\"woocommerce-Price-currencySymbol\">&euro;<\/span>&nbsp;6,00<\/span><\/div>\n\t\t\t\t\n\t\t\t\t\n\t\t\t<\/li><li class=\"wc-block-grid__product\">\n\t\t\t\t<a href=\"https:\/\/lamaisondurondfromage.be\/index.php\/produit\/sirop-melisse-menthe-250-ml\/\" class=\"wc-block-grid__product-link\">\n\t\t\t\t\t\n\t\t\t\t\t<div class=\"wc-block-grid__product-image\"><img loading=\"lazy\" decoding=\"async\" width=\"500\" height=\"500\" src=\"https:\/\/lamaisondurondfromage.be\/wp-content\/uploads\/2025\/11\/IMG_20251128_153359-scaled-500x500.jpg\" class=\"attachment-woocommerce_thumbnail size-woocommerce_thumbnail\" alt=\"Sirop M\u00e9lisse\/Menthe - 250 ml\" srcset=\"https:\/\/lamaisondurondfromage.be\/wp-content\/uploads\/2025\/11\/IMG_20251128_153359-scaled-500x500.jpg 500w, https:\/\/lamaisondurondfromage.be\/wp-content\/uploads\/2025\/11\/IMG_20251128_153359-scaled-100x100.jpg 100w, https:\/\/lamaisondurondfromage.be\/wp-content\/uploads\/2025\/11\/IMG_20251128_153359-150x150.jpg 150w\" sizes=\"auto, (max-width: 500px) 100vw, 500px\" \/><\/div>\n\t\t\t\t\t<div class=\"wc-block-grid__product-title\">Sirop M\u00e9lisse\/Menthe &#8211; 250 ml<\/div>\n\t\t\t\t<\/a>\n\t\t\t\t<div class=\"wc-block-grid__product-price price\"><span class=\"woocommerce-Price-amount amount\"><span class=\"woocommerce-Price-currencySymbol\">&euro;<\/span>&nbsp;7,50<\/span><\/div>\n\t\t\t\t\n\t\t\t\t\n\t\t\t<\/li><\/ul><\/div>","protected":false},"excerpt":{"rendered":"<p>Cat\u00e9gorie Nouveaut\u00e9s En promotion Meilleurs produits<\/p>\n","protected":false},"author":1,"featured_media":0,"parent":18,"menu_order":0,"comment_status":"closed","ping_status":"closed","template":"","meta":{"neve_meta_sidebar":"full-width","neve_meta_container":"contained","neve_meta_enable_content_width":"","neve_meta_content_width":70,"neve_meta_title_alignment":"","neve_meta_author_avatar":"","neve_post_elements_order":"","neve_meta_disable_header":"off","neve_meta_disable_footer":"","neve_meta_disable_title":"on","footnotes":""},"class_list":["post-197","page","type-page","status-publish","hentry"],"jetpack_sharing_enabled":true,"_links":{"self":[{"href":"https:\/\/lamaisondurondfromage.be\/index.php\/wp-json\/wp\/v2\/pages\/197","targetHints":{"allow":["GET"]}}],"collection":[{"href":"https:\/\/lamaisondurondfromage.be\/index.php\/wp-json\/wp\/v2\/pages"}],"about":[{"href":"https:\/\/lamaisondurondfromage.be\/index.php\/wp-json\/wp\/v2\/types\/page"}],"author":[{"embeddable":true,"href":"https:\/\/lamaisondurondfromage.be\/index.php\/wp-json\/wp\/v2\/users\/1"}],"replies":[{"embeddable":true,"href":"https:\/\/lamaisondurondfromage.be\/index.php\/wp-json\/wp\/v2\/comments?post=197"}],"version-history":[{"count":9,"href":"https:\/\/lamaisondurondfromage.be\/index.php\/wp-json\/wp\/v2\/pages\/197\/revisions"}],"predecessor-version":[{"id":478,"href":"https:\/\/lamaisondurondfromage.be\/index.php\/wp-json\/wp\/v2\/pages\/197\/revisions\/478"}],"up":[{"embeddable":true,"href":"https:\/\/lamaisondurondfromage.be\/index.php\/wp-json\/wp\/v2\/pages\/18"}],"wp:attachment":[{"href":"https:\/\/lamaisondurondfromage.be\/index.php\/wp-json\/wp\/v2\/media?parent=197"}],"curies":[{"name":"wp","href":"https:\/\/api.w.org\/{rel}","templated":true}]}}