{"id":19,"date":"2023-04-16T21:30:19","date_gmt":"2023-04-16T19:30:19","guid":{"rendered":"http:\/\/lamaisn.cluster029.hosting.ovh.net\/?page_id=19"},"modified":"2025-11-28T15:26:01","modified_gmt":"2025-11-28T14:26:01","slug":"les-points-de-vente-les-marches","status":"publish","type":"page","link":"https:\/\/lamaisondurondfromage.be\/index.php\/les-points-de-vente-les-marches\/","title":{"rendered":"Les points de vente, les march\u00e9s"},"content":{"rendered":"\n<h2 class=\"wp-block-heading has-text-align-center has-nv-site-bg-background-color has-background\">Les march\u00e9s 2025\/ Mon magasin \u00e9ph\u00e9m\u00e8re<\/h2>\n\n\n\n<p><strong>March\u00e9 du terroir de Bastogne<\/strong> &#8211; Un vendredi\/mois d&rsquo;avril \u00e0 septembre (21 juillet, 18 ao\u00fbt, 15 septembre)<\/p>\n\n\n\n<p><strong>March\u00e9 du terroir de l&rsquo;ourthe<\/strong> &#8211; les jeudis de juillet et ao\u00fbt<\/p>\n\n\n\n<p><strong>Foire de Libramont<\/strong> &#8211; le samedi 29 juillet<\/p>\n\n\n\n<p><strong>Foire Sainte-Catherine, Houffalize<\/strong> &#8211; 22 novembre<\/p>\n\n\n\n<p><strong>March\u00e9s de No\u00ebl<\/strong> &#8211; les 5-6-7 d\u00e9cembre \u00e0 Arlon   &#8211;  le 12-13-14 d\u00e9cembre \u00e0 Bastogne  &#8211;  le 20 d\u00e9cembre \u00e0 Cobreville   <\/p>\n\n\n\n<p><strong>Magasin \u00e9ph\u00e9m\u00e8re \u00e0 Champs, rue du Rond Fromage<\/strong> : Jeudi 20 novembre, 4 et 18 d\u00e9cembre ==&gt;  16h00 &#8211; 19h00    <\/p>\n\n\n\n<p>                                                              Lundi 22, 29 d\u00e9cembre et 5 janvier 2026 ==&gt; 9h00 &#8211;  12h00 <\/p>\n\n\n\n<h2 class=\"wp-block-heading has-text-align-center has-nv-site-bg-background-color has-background\">Les points de vente.<\/h2>\n\n\n<div class=\"wp-block-image\">\n<figure class=\"alignleft size-full is-resized\"><img loading=\"lazy\" decoding=\"async\" width=\"368\" height=\"368\" src=\"http:\/\/lamaisn.cluster029.hosting.ovh.net\/wp-content\/uploads\/2023\/03\/image-5.png\" alt=\"\" class=\"wp-image-291\" style=\"width:65px;height:65px\" srcset=\"https:\/\/lamaisondurondfromage.be\/wp-content\/uploads\/2023\/03\/image-5.png 368w, https:\/\/lamaisondurondfromage.be\/wp-content\/uploads\/2023\/03\/image-5-100x100.png 100w, https:\/\/lamaisondurondfromage.be\/wp-content\/uploads\/2023\/03\/image-5-300x300.png 300w, https:\/\/lamaisondurondfromage.be\/wp-content\/uploads\/2023\/03\/image-5-150x150.png 150w\" sizes=\"auto, (max-width: 368px) 100vw, 368px\" \/><\/figure>\n<\/div>\n\n\n<div class=\"wp-block-group\"><div class=\"wp-block-group__inner-container is-layout-constrained wp-block-group-is-layout-constrained\">\n<p><strong><a href=\"http:\/\/www.facebook.com\/lespiedssurterrebastogne\">Les pieds sur terre<\/a><\/strong><\/p>\n<\/div><\/div>\n\n\n\n<div style=\"height:23px\" aria-hidden=\"true\" class=\"wp-block-spacer\"><\/div>\n\n\n\n<p><\/p>\n\n\n<div class=\"wp-block-image\">\n<figure class=\"alignleft size-full is-resized\"><img loading=\"lazy\" decoding=\"async\" width=\"500\" height=\"500\" src=\"http:\/\/lamaisn.cluster029.hosting.ovh.net\/wp-content\/uploads\/2023\/03\/image-1.png\" alt=\"\" class=\"wp-image-287\" style=\"width:82px;height:82px\" srcset=\"https:\/\/lamaisondurondfromage.be\/wp-content\/uploads\/2023\/03\/image-1.png 500w, https:\/\/lamaisondurondfromage.be\/wp-content\/uploads\/2023\/03\/image-1-100x100.png 100w\" sizes=\"auto, (max-width: 500px) 100vw, 500px\" \/><\/figure>\n<\/div>\n\n\n<p><strong><a href=\"https:\/\/www.letape-bastogne.be\/\">La Brasserie \u00ab\u00a0L&rsquo;\u00e9tape\u00a0\u00bb \u00e0 Bastogne<\/a><\/strong><\/p>\n\n\n\n<div style=\"height:28px\" aria-hidden=\"true\" class=\"wp-block-spacer\"><\/div>\n\n\n\n<p><\/p>\n\n\n<div class=\"wp-block-image\">\n<figure class=\"alignleft size-full is-resized\"><img loading=\"lazy\" decoding=\"async\" width=\"468\" height=\"998\" src=\"http:\/\/lamaisn.cluster029.hosting.ovh.net\/wp-content\/uploads\/2023\/03\/image-6.png\" alt=\"\" class=\"wp-image-292\" style=\"width:45px;height:96px\" srcset=\"https:\/\/lamaisondurondfromage.be\/wp-content\/uploads\/2023\/03\/image-6.png 468w, https:\/\/lamaisondurondfromage.be\/wp-content\/uploads\/2023\/03\/image-6-141x300.png 141w\" sizes=\"auto, (max-width: 468px) 100vw, 468px\" \/><\/figure>\n<\/div>\n\n\n<p>        <strong><a href=\"http:\/\/www.facebook.com\/boucheriececile\">La Boucherie C\u00e9cile \u00e0 Bastogne<\/a><\/strong><\/p>\n\n\n\n<div style=\"height:26px\" aria-hidden=\"true\" class=\"wp-block-spacer\"><\/div>\n\n\n\n<p><\/p>\n\n\n<div class=\"wp-block-image\">\n<figure class=\"alignleft size-full is-resized\"><img loading=\"lazy\" decoding=\"async\" width=\"252\" height=\"92\" src=\"https:\/\/lamaisondurondfromage.be\/wp-content\/uploads\/2025\/10\/Capture-decran-2025-10-06-222750.png\" alt=\"\" class=\"wp-image-475\" style=\"aspect-ratio:1.4333333333333333;width:86px;height:auto\"\/><\/figure>\n<\/div>\n\n\n<p><strong><a href=\"http:\/\/www.smatchbertogne.com\">Le Spar \u00e0 Bertogne<\/a><\/strong><\/p>\n\n\n\n<div style=\"height:26px\" aria-hidden=\"true\" class=\"wp-block-spacer\"><\/div>\n\n\n\n<p><\/p>\n\n\n<div class=\"wp-block-image\">\n<figure class=\"alignleft size-large is-resized\"><img loading=\"lazy\" decoding=\"async\" width=\"1024\" height=\"576\" src=\"http:\/\/lamaisn.cluster029.hosting.ovh.net\/wp-content\/uploads\/2023\/03\/image-9-1024x576.png\" alt=\"\" class=\"wp-image-295\" style=\"width:84px;height:47px\" srcset=\"https:\/\/lamaisondurondfromage.be\/wp-content\/uploads\/2023\/03\/image-9-1024x576.png 1024w, https:\/\/lamaisondurondfromage.be\/wp-content\/uploads\/2023\/03\/image-9-1000x563.png 1000w, https:\/\/lamaisondurondfromage.be\/wp-content\/uploads\/2023\/03\/image-9-300x169.png 300w, https:\/\/lamaisondurondfromage.be\/wp-content\/uploads\/2023\/03\/image-9-768x432.png 768w, https:\/\/lamaisondurondfromage.be\/wp-content\/uploads\/2023\/03\/image-9-1536x864.png 1536w, https:\/\/lamaisondurondfromage.be\/wp-content\/uploads\/2023\/03\/image-9-1320x743.png 1320w, https:\/\/lamaisondurondfromage.be\/wp-content\/uploads\/2023\/03\/image-9.png 1632w\" sizes=\"auto, (max-width: 1024px) 100vw, 1024px\" \/><\/figure>\n<\/div>\n\n\n<p><strong><a href=\"http:\/\/info.gacoeurdelourthe.be\">Le GAC de l&rsquo;ourthe<\/a><\/strong> <\/p>\n\n\n\n<div style=\"height:25px\" aria-hidden=\"true\" class=\"wp-block-spacer\"><\/div>\n\n\n\n<div class=\"wp-block-group is-layout-grid wp-container-core-group-is-layout-9649a0d9 wp-block-group-is-layout-grid\"><\/div>\n\n\n\n<p><strong><a href=\"http:\/\/www.bougiesaubier.be\">L<\/a><\/strong><a href=\"http:\/\/Office du tourisme Bastogne\">&lsquo;office du tourisme de Bastogne<\/a><\/p>\n\n\n\n<p><\/p>\n\n\n\n<p><a href=\"http:\/\/Le jardin des Saules\">http:\/\/Le jardin des Saules<\/a><\/p>\n\n\n\n<div style=\"height:26px\" aria-hidden=\"true\" class=\"wp-block-spacer\"><\/div>\n\n\n\n<div style=\"height:100px\" aria-hidden=\"true\" class=\"wp-block-spacer\"><\/div>\n","protected":false},"excerpt":{"rendered":"<p>Les march\u00e9s 2025\/ Mon magasin \u00e9ph\u00e9m\u00e8re March\u00e9 du terroir de Bastogne &#8211; Un vendredi\/mois d&rsquo;avril \u00e0 septembre (21 juillet, 18 ao\u00fbt, 15 septembre) March\u00e9 du terroir de l&rsquo;ourthe &#8211; les jeudis de juillet et ao\u00fbt Foire de Libramont &#8211; le samedi 29 juillet Foire Sainte-Catherine, Houffalize &#8211; 22 novembre March\u00e9s de No\u00ebl &#8211; les 5-6-7&hellip;&nbsp;<a href=\"https:\/\/lamaisondurondfromage.be\/index.php\/les-points-de-vente-les-marches\/\" rel=\"bookmark\">Lire la suite &raquo;<span class=\"screen-reader-text\">Les points de vente, les march\u00e9s<\/span><\/a><\/p>\n","protected":false},"author":1,"featured_media":0,"parent":0,"menu_order":0,"comment_status":"closed","ping_status":"closed","template":"","meta":{"neve_meta_sidebar":"full-width","neve_meta_container":"contained","neve_meta_enable_content_width":"on","neve_meta_content_width":70,"neve_meta_title_alignment":"","neve_meta_author_avatar":"","neve_post_elements_order":"","neve_meta_disable_header":"","neve_meta_disable_footer":"","neve_meta_disable_title":"","footnotes":""},"class_list":["post-19","page","type-page","status-publish","hentry"],"jetpack_sharing_enabled":true,"_links":{"self":[{"href":"https:\/\/lamaisondurondfromage.be\/index.php\/wp-json\/wp\/v2\/pages\/19","targetHints":{"allow":["GET"]}}],"collection":[{"href":"https:\/\/lamaisondurondfromage.be\/index.php\/wp-json\/wp\/v2\/pages"}],"about":[{"href":"https:\/\/lamaisondurondfromage.be\/index.php\/wp-json\/wp\/v2\/types\/page"}],"author":[{"embeddable":true,"href":"https:\/\/lamaisondurondfromage.be\/index.php\/wp-json\/wp\/v2\/users\/1"}],"replies":[{"embeddable":true,"href":"https:\/\/lamaisondurondfromage.be\/index.php\/wp-json\/wp\/v2\/comments?post=19"}],"version-history":[{"count":15,"href":"https:\/\/lamaisondurondfromage.be\/index.php\/wp-json\/wp\/v2\/pages\/19\/revisions"}],"predecessor-version":[{"id":557,"href":"https:\/\/lamaisondurondfromage.be\/index.php\/wp-json\/wp\/v2\/pages\/19\/revisions\/557"}],"wp:attachment":[{"href":"https:\/\/lamaisondurondfromage.be\/index.php\/wp-json\/wp\/v2\/media?parent=19"}],"curies":[{"name":"wp","href":"https:\/\/api.w.org\/{rel}","templated":true}]}}