{"id":17,"date":"2023-03-23T17:25:44","date_gmt":"2023-03-23T16:25:44","guid":{"rendered":"http:\/\/lamaisn.cluster029.hosting.ovh.net\/?page_id=17"},"modified":"2025-11-28T11:24:24","modified_gmt":"2025-11-28T10:24:24","slug":"la-transformation","status":"publish","type":"page","link":"https:\/\/lamaisondurondfromage.be\/index.php\/la-transformation\/","title":{"rendered":"La transformation"},"content":{"rendered":"\n<p><\/p>\n\n\n\n<h2 class=\"wp-block-heading has-text-align-center has-nv-site-bg-background-color has-background\">La Transformation<\/h2>\n\n\n<div class=\"wp-block-image is-style-rounded\">\n<figure class=\"alignleft size-full is-resized\"><img loading=\"lazy\" decoding=\"async\" width=\"2560\" height=\"1920\" src=\"https:\/\/lamaisondurondfromage.be\/wp-content\/uploads\/2025\/11\/20230512_135911-scaled.jpg\" alt=\"\" class=\"wp-image-497\" style=\"aspect-ratio:1.3315508021390374;width:321px;height:auto\" srcset=\"https:\/\/lamaisondurondfromage.be\/wp-content\/uploads\/2025\/11\/20230512_135911-scaled.jpg 2560w, https:\/\/lamaisondurondfromage.be\/wp-content\/uploads\/2025\/11\/20230512_135911-scaled-1000x750.jpg 1000w, https:\/\/lamaisondurondfromage.be\/wp-content\/uploads\/2025\/11\/20230512_135911-300x225.jpg 300w, https:\/\/lamaisondurondfromage.be\/wp-content\/uploads\/2025\/11\/20230512_135911-1024x768.jpg 1024w, https:\/\/lamaisondurondfromage.be\/wp-content\/uploads\/2025\/11\/20230512_135911-768x576.jpg 768w, https:\/\/lamaisondurondfromage.be\/wp-content\/uploads\/2025\/11\/20230512_135911-1536x1152.jpg 1536w, https:\/\/lamaisondurondfromage.be\/wp-content\/uploads\/2025\/11\/20230512_135911-2048x1536.jpg 2048w, https:\/\/lamaisondurondfromage.be\/wp-content\/uploads\/2025\/11\/20230512_135911-1320x990.jpg 1320w\" sizes=\"auto, (max-width: 2560px) 100vw, 2560px\" \/><\/figure>\n<\/div>\n\n\n<p class=\"has-text-align-center\">Les plantes sont r\u00e9colt\u00e9es quotidiennement par journ\u00e9e s\u00e8che puis sont install\u00e9es dans un s\u00e9choir. Elles sont install\u00e9es sur des claies et y resteront entre 12 et 72 h en fonction de la plante, de la m\u00e9t\u00e9o,&#8230; <\/p>\n\n\n\n<p class=\"has-text-align-center\">Dans le s\u00e9choir, il n&rsquo;y a pas d&rsquo;apport de chaleur, juste un d\u00e9shumidificateur qui absorbe l&rsquo;humidit\u00e9.<\/p>\n\n\n<div class=\"wp-block-image is-style-rounded\">\n<figure class=\"alignright size-full is-resized\"><img loading=\"lazy\" decoding=\"async\" width=\"2560\" height=\"1920\" src=\"https:\/\/lamaisondurondfromage.be\/wp-content\/uploads\/2025\/11\/20230612_165420-scaled.jpg\" alt=\"\" class=\"wp-image-498\" style=\"width:280px;height:auto\" srcset=\"https:\/\/lamaisondurondfromage.be\/wp-content\/uploads\/2025\/11\/20230612_165420-scaled.jpg 2560w, https:\/\/lamaisondurondfromage.be\/wp-content\/uploads\/2025\/11\/20230612_165420-scaled-1000x750.jpg 1000w, https:\/\/lamaisondurondfromage.be\/wp-content\/uploads\/2025\/11\/20230612_165420-300x225.jpg 300w, https:\/\/lamaisondurondfromage.be\/wp-content\/uploads\/2025\/11\/20230612_165420-1024x768.jpg 1024w, https:\/\/lamaisondurondfromage.be\/wp-content\/uploads\/2025\/11\/20230612_165420-768x576.jpg 768w, https:\/\/lamaisondurondfromage.be\/wp-content\/uploads\/2025\/11\/20230612_165420-1536x1152.jpg 1536w, https:\/\/lamaisondurondfromage.be\/wp-content\/uploads\/2025\/11\/20230612_165420-2048x1536.jpg 2048w, https:\/\/lamaisondurondfromage.be\/wp-content\/uploads\/2025\/11\/20230612_165420-1320x990.jpg 1320w\" sizes=\"auto, (max-width: 2560px) 100vw, 2560px\" \/><figcaption class=\"wp-element-caption\">Menthe poivr\u00e9e<\/figcaption><\/figure>\n<\/div>\n\n\n<p class=\"has-text-align-center\">Les plantes vont s\u00e9cher \u00e0 une temp\u00e9rature de 25-30\u00b0 afin de garder un maximum de propri\u00e9t\u00e9s.<\/p>\n\n\n\n<p><\/p>\n\n\n\n<p class=\"has-text-align-center\">Quand elles sont s\u00e9ch\u00e9es, certaines plantes sont mond\u00e9es, d&rsquo;autres tamis\u00e9es afin de gagner de l&rsquo;espace de stockage. Elles seront pr\u00eates pour l&rsquo;\u00e9tape suivante: le m\u00e9lange pour les tisanes, les sels. Toutes ces plantes sont stock\u00e9es \u00e0 l&rsquo;abri de la lumi\u00e8re et de l&rsquo;humidit\u00e9, dans des sacs de papiers kraft. Elles seront utilis\u00e9es en fonction des besoins, des cr\u00e9ations. <\/p>\n\n\n\n<p class=\"has-text-align-center\"><\/p>\n\n\n<div class=\"wp-block-image is-style-rounded\">\n<figure class=\"aligncenter size-full is-resized\"><img loading=\"lazy\" decoding=\"async\" width=\"443\" height=\"591\" src=\"https:\/\/lamaisondurondfromage.be\/wp-content\/uploads\/2025\/11\/20220806_133221-R-rotated.jpg\" alt=\"\" class=\"wp-image-496\" style=\"width:277px;height:auto\" srcset=\"https:\/\/lamaisondurondfromage.be\/wp-content\/uploads\/2025\/11\/20220806_133221-R-rotated.jpg 443w, https:\/\/lamaisondurondfromage.be\/wp-content\/uploads\/2025\/11\/20220806_133221-R-225x300.jpg 225w\" sizes=\"auto, (max-width: 443px) 100vw, 443px\" \/><figcaption class=\"wp-element-caption\">Escholtzia, coquelicot, mauve, lavande<\/figcaption><\/figure>\n<\/div>","protected":false},"excerpt":{"rendered":"<p>La Transformation Les plantes sont r\u00e9colt\u00e9es quotidiennement par journ\u00e9e s\u00e8che puis sont install\u00e9es dans un s\u00e9choir. Elles sont install\u00e9es sur des claies et y resteront entre 12 et 72 h en fonction de la plante, de la m\u00e9t\u00e9o,&#8230; Dans le s\u00e9choir, il n&rsquo;y a pas d&rsquo;apport de chaleur, juste un d\u00e9shumidificateur qui absorbe l&rsquo;humidit\u00e9. Les&hellip;&nbsp;<a href=\"https:\/\/lamaisondurondfromage.be\/index.php\/la-transformation\/\" rel=\"bookmark\">Lire la suite &raquo;<span class=\"screen-reader-text\">La transformation<\/span><\/a><\/p>\n","protected":false},"author":1,"featured_media":0,"parent":0,"menu_order":0,"comment_status":"closed","ping_status":"closed","template":"","meta":{"neve_meta_sidebar":"","neve_meta_container":"","neve_meta_enable_content_width":"","neve_meta_content_width":0,"neve_meta_title_alignment":"","neve_meta_author_avatar":"","neve_post_elements_order":"","neve_meta_disable_header":"","neve_meta_disable_footer":"","neve_meta_disable_title":"","footnotes":""},"class_list":["post-17","page","type-page","status-publish","hentry"],"jetpack_sharing_enabled":true,"_links":{"self":[{"href":"https:\/\/lamaisondurondfromage.be\/index.php\/wp-json\/wp\/v2\/pages\/17","targetHints":{"allow":["GET"]}}],"collection":[{"href":"https:\/\/lamaisondurondfromage.be\/index.php\/wp-json\/wp\/v2\/pages"}],"about":[{"href":"https:\/\/lamaisondurondfromage.be\/index.php\/wp-json\/wp\/v2\/types\/page"}],"author":[{"embeddable":true,"href":"https:\/\/lamaisondurondfromage.be\/index.php\/wp-json\/wp\/v2\/users\/1"}],"replies":[{"embeddable":true,"href":"https:\/\/lamaisondurondfromage.be\/index.php\/wp-json\/wp\/v2\/comments?post=17"}],"version-history":[{"count":8,"href":"https:\/\/lamaisondurondfromage.be\/index.php\/wp-json\/wp\/v2\/pages\/17\/revisions"}],"predecessor-version":[{"id":499,"href":"https:\/\/lamaisondurondfromage.be\/index.php\/wp-json\/wp\/v2\/pages\/17\/revisions\/499"}],"wp:attachment":[{"href":"https:\/\/lamaisondurondfromage.be\/index.php\/wp-json\/wp\/v2\/media?parent=17"}],"curies":[{"name":"wp","href":"https:\/\/api.w.org\/{rel}","templated":true}]}}